{"id":42,"date":"2024-06-20T16:06:58","date_gmt":"2024-06-20T14:06:58","guid":{"rendered":"http:\/\/cmafor.info\/?page_id=42"},"modified":"2024-06-20T16:09:40","modified_gmt":"2024-06-20T14:09:40","slug":"performance-internet","status":"publish","type":"page","link":"https:\/\/cmafor.info\/index.php\/performance-internet\/","title":{"rendered":"Performance Internet"},"content":{"rendered":"\n<p>Avec le d\u00e9ploiement de plus en plus important de la fibre optique le potentiel d\u00e9bit internet est souvent important. Il est n\u00e9cessaire de v\u00e9rifier si vos \u00e9quipements r\u00e9seau ne brident pas votre acc\u00e8s. Il est aussi possible que votre acc\u00e8s actuel ne pr\u00e9sente pas de bonne performance. nos vous conseillons sur une \u00e9ventuelle n\u00e9cessit\u00e9 de changement ou d&rsquo;optimisation. Nous effectuons les tests et fournissons un document r\u00e9capitulatif des d\u00e9bits locaux et entres vos pc et serveurs.<br>Vous ne disposez pas localement d&rsquo;un acc\u00e8s internet correct, nous avons des solutions pour additionner(agr\u00e9ger)  2 abonnements afin de doubler la valeur actuelle.<br><\/p>\n","protected":false},"excerpt":{"rendered":"<p>Avec le d\u00e9ploiement de plus en plus important de la fibre optique le potentiel d\u00e9bit internet est souvent important. Il est n\u00e9cessaire de v\u00e9rifier si vos \u00e9quipements r\u00e9seau ne brident pas votre acc\u00e8s. Il est aussi possible que votre acc\u00e8s actuel ne pr\u00e9sente pas de bonne performance. nos vous conseillons sur une \u00e9ventuelle n\u00e9cessit\u00e9 de [&hellip;]<\/p>\n","protected":false},"author":1,"featured_media":0,"parent":0,"menu_order":0,"comment_status":"closed","ping_status":"closed","template":"","meta":{"footnotes":""},"class_list":["post-42","page","type-page","status-publish","hentry"],"_links":{"self":[{"href":"https:\/\/cmafor.info\/index.php\/wp-json\/wp\/v2\/pages\/42","targetHints":{"allow":["GET"]}}],"collection":[{"href":"https:\/\/cmafor.info\/index.php\/wp-json\/wp\/v2\/pages"}],"about":[{"href":"https:\/\/cmafor.info\/index.php\/wp-json\/wp\/v2\/types\/page"}],"author":[{"embeddable":true,"href":"https:\/\/cmafor.info\/index.php\/wp-json\/wp\/v2\/users\/1"}],"replies":[{"embeddable":true,"href":"https:\/\/cmafor.info\/index.php\/wp-json\/wp\/v2\/comments?post=42"}],"version-history":[{"count":3,"href":"https:\/\/cmafor.info\/index.php\/wp-json\/wp\/v2\/pages\/42\/revisions"}],"predecessor-version":[{"id":45,"href":"https:\/\/cmafor.info\/index.php\/wp-json\/wp\/v2\/pages\/42\/revisions\/45"}],"wp:attachment":[{"href":"https:\/\/cmafor.info\/index.php\/wp-json\/wp\/v2\/media?parent=42"}],"curies":[{"name":"wp","href":"https:\/\/api.w.org\/{rel}","templated":true}]}}