{"id":38,"date":"2024-06-20T13:31:26","date_gmt":"2024-06-20T11:31:26","guid":{"rendered":"http:\/\/cmafor.info\/?page_id=38"},"modified":"2024-06-20T13:33:55","modified_gmt":"2024-06-20T11:33:55","slug":"securite-internet","status":"publish","type":"page","link":"https:\/\/cmafor.info\/index.php\/securite-internet\/","title":{"rendered":"S\u00e9curit\u00e9 Internet"},"content":{"rendered":"\n<p>Nous \u00e9tudions le niveau de protection de votre environnement contre les nuisances venu d&rsquo;internet. C&rsquo;est bien s\u00fbr la fiabilit\u00e9 de vos protections logicielles tels que les \u00ab\u00a0pare-feu\u00a0\u00bb int\u00e9gr\u00e9s \u00e0 vos antivirus, la qualit\u00e9 de votre configuration postes et serveurs, la configuration de votre acc\u00e8s internet (Box).  Nous analysons les possibilit\u00e9s d&rsquo;am\u00e9lioration avec des solutions pare-feu logiciels en fonction de vos \u00e9l\u00e9ments existants. C&rsquo;est aussi l&rsquo;implantation d\u2019\u00e9quipements mat\u00e9riels avanc\u00e9s entre votre r\u00e9seau et internet. Ces \u00e9quipements seront dimensionn\u00e9s en fonction de votre environnement. Il permettent la maitrise des entr\u00e9es et des sortie vers internet et le contr\u00f4le des tentatives subits. Ces \u00e9quipement sont aussi  capable : de g\u00e9rer des acc\u00e8s s\u00e9curis\u00e9 depuis l&rsquo;ext\u00e9rieur, de mettre en place un ligne de secours internet en cas de coupure ou en cas de changement d&rsquo;op\u00e9rateur.<\/p>\n\n\n\n<p><em>Nous sommes expert des solutions Antivirus et s\u00e9curit\u00e9 <strong>Avg<\/strong>, Pare-feu <strong>GlassWire<\/strong>, Routeur Parefeu <strong>PfSense<\/strong>, Acc\u00e8s distant avec <strong>OpenVpn<\/strong><\/em>. <\/p>\n","protected":false},"excerpt":{"rendered":"<p>Nous \u00e9tudions le niveau de protection de votre environnement contre les nuisances venu d&rsquo;internet. C&rsquo;est bien s\u00fbr la fiabilit\u00e9 de vos protections logicielles tels que les \u00ab\u00a0pare-feu\u00a0\u00bb int\u00e9gr\u00e9s \u00e0 vos antivirus, la qualit\u00e9 de votre configuration postes et serveurs, la configuration de votre acc\u00e8s internet (Box). Nous analysons les possibilit\u00e9s d&rsquo;am\u00e9lioration avec des solutions pare-feu [&hellip;]<\/p>\n","protected":false},"author":1,"featured_media":0,"parent":0,"menu_order":0,"comment_status":"closed","ping_status":"closed","template":"","meta":{"footnotes":""},"class_list":["post-38","page","type-page","status-publish","hentry"],"_links":{"self":[{"href":"https:\/\/cmafor.info\/index.php\/wp-json\/wp\/v2\/pages\/38","targetHints":{"allow":["GET"]}}],"collection":[{"href":"https:\/\/cmafor.info\/index.php\/wp-json\/wp\/v2\/pages"}],"about":[{"href":"https:\/\/cmafor.info\/index.php\/wp-json\/wp\/v2\/types\/page"}],"author":[{"embeddable":true,"href":"https:\/\/cmafor.info\/index.php\/wp-json\/wp\/v2\/users\/1"}],"replies":[{"embeddable":true,"href":"https:\/\/cmafor.info\/index.php\/wp-json\/wp\/v2\/comments?post=38"}],"version-history":[{"count":3,"href":"https:\/\/cmafor.info\/index.php\/wp-json\/wp\/v2\/pages\/38\/revisions"}],"predecessor-version":[{"id":41,"href":"https:\/\/cmafor.info\/index.php\/wp-json\/wp\/v2\/pages\/38\/revisions\/41"}],"wp:attachment":[{"href":"https:\/\/cmafor.info\/index.php\/wp-json\/wp\/v2\/media?parent=38"}],"curies":[{"name":"wp","href":"https:\/\/api.w.org\/{rel}","templated":true}]}}